{"id":4013,"date":"2025-03-13T09:49:59","date_gmt":"2025-03-13T09:49:59","guid":{"rendered":"https:\/kontakta-oss\/abo-sydvastra-finland\/"},"modified":"2025-10-27T11:06:22","modified_gmt":"2025-10-27T11:06:22","slug":"abo","status":"publish","type":"page","link":"https:\/\/nrent.fi\/sv\/kontakta-oss\/abo\/","title":{"rendered":"\u00c5bo \/ Sydv\u00e4stra Finland"},"content":{"rendered":"<style>.kb-row-layout-id3994_52406f-c2 > .kt-row-column-wrap{align-content:start;}:where(.kb-row-layout-id3994_52406f-c2 > .kt-row-column-wrap) > .wp-block-kadence-column{justify-content:start;}.kb-row-layout-id3994_52406f-c2 > .kt-row-column-wrap{column-gap:var(--global-kb-gap-md, 2rem);row-gap:var(--global-kb-gap-none, 0rem );max-width:var( --global-content-width, 1290px );padding-left:var(--global-content-edge-padding);padding-right:var(--global-content-edge-padding);padding-top:var(--global-kb-spacing-3xl, 6.5rem);padding-bottom:var(--global-kb-spacing-3xl, 6.5rem);grid-template-columns:repeat(2, minmax(0, 1fr));}.kb-row-layout-id3994_52406f-c2 > .kt-row-layout-overlay{opacity:0.30;}@media all and (max-width: 1024px){.kb-row-layout-id3994_52406f-c2 > .kt-row-column-wrap{grid-template-columns:minmax(0, 1fr);}}@media all and (max-width: 767px){.kb-row-layout-id3994_52406f-c2 > .kt-row-column-wrap{grid-template-columns:minmax(0, 1fr);}}<\/style><div class=\"kb-row-layout-wrap kb-row-layout-id3994_52406f-c2 alignnone wp-block-kadence-rowlayout\"><div class=\"kt-row-column-wrap kt-has-2-columns kt-row-layout-equal kt-tab-layout-row kt-mobile-layout-row kt-row-valign-top kt-inner-column-height-full kb-theme-content-width\">\n<style>.kadence-column3994_790123-ec > .kt-inside-inner-col,.kadence-column3994_790123-ec > .kt-inside-inner-col:before{border-top-left-radius:0px;border-top-right-radius:0px;border-bottom-right-radius:0px;border-bottom-left-radius:0px;}.kadence-column3994_790123-ec > .kt-inside-inner-col{column-gap:var(--global-kb-gap-sm, 1rem);}.kadence-column3994_790123-ec > .kt-inside-inner-col{flex-direction:column;}.kadence-column3994_790123-ec > .kt-inside-inner-col > .aligncenter{width:100%;}.kadence-column3994_790123-ec > .kt-inside-inner-col:before{opacity:0.3;}.kadence-column3994_790123-ec{position:relative;}@media all and (max-width: 1024px){.kadence-column3994_790123-ec > .kt-inside-inner-col{flex-direction:column;justify-content:center;}}@media all and (max-width: 767px){.kadence-column3994_790123-ec > .kt-inside-inner-col{flex-direction:column;justify-content:center;}}<\/style>\n<div class=\"wp-block-kadence-column kadence-column3994_790123-ec\"><div class=\"kt-inside-inner-col\">\n<p>Kontakt<\/p>\n\n\n\n<h2 class=\"wp-block-heading\"><strong>\u00c5bo \/ Sydv\u00e4stra Finland<\/strong><\/h2>\n<\/div><\/div>\n\n\n<style>.kadence-column3994_ef030b-e1 > .kt-inside-inner-col,.kadence-column3994_ef030b-e1 > .kt-inside-inner-col:before{border-top-left-radius:0px;border-top-right-radius:0px;border-bottom-right-radius:0px;border-bottom-left-radius:0px;}.kadence-column3994_ef030b-e1 > .kt-inside-inner-col{column-gap:var(--global-kb-gap-sm, 1rem);}.kadence-column3994_ef030b-e1 > .kt-inside-inner-col{flex-direction:column;}.kadence-column3994_ef030b-e1 > .kt-inside-inner-col > .aligncenter{width:100%;}.kadence-column3994_ef030b-e1 > .kt-inside-inner-col:before{opacity:0.3;}.kadence-column3994_ef030b-e1{position:relative;}@media all and (max-width: 1024px){.kadence-column3994_ef030b-e1 > .kt-inside-inner-col{flex-direction:column;justify-content:center;}}@media all and (max-width: 767px){.kadence-column3994_ef030b-e1 > .kt-inside-inner-col{flex-direction:column;justify-content:center;}}<\/style>\n<div class=\"wp-block-kadence-column kadence-column3994_ef030b-e1\"><div class=\"kt-inside-inner-col\"><style>.kadence-column3994_2aaeaf-bb > .kt-inside-inner-col{padding-top:var(--global-kb-spacing-sm, 1.5rem);padding-right:var(--global-kb-spacing-sm, 1.5rem);padding-bottom:var(--global-kb-spacing-sm, 1.5rem);padding-left:var(--global-kb-spacing-sm, 1.5rem);}.kadence-column3994_2aaeaf-bb > .kt-inside-inner-col,.kadence-column3994_2aaeaf-bb > .kt-inside-inner-col:before{border-top-left-radius:10px;border-top-right-radius:10px;border-bottom-right-radius:10px;border-bottom-left-radius:10px;}.kadence-column3994_2aaeaf-bb > .kt-inside-inner-col{column-gap:var(--global-kb-gap-sm, 1rem);}.kadence-column3994_2aaeaf-bb > .kt-inside-inner-col{flex-direction:column;}.kadence-column3994_2aaeaf-bb > .kt-inside-inner-col > .aligncenter{width:100%;}.kadence-column3994_2aaeaf-bb > .kt-inside-inner-col{background-color:var(--global-palette3, #1A202C);}.kadence-column3994_2aaeaf-bb > .kt-inside-inner-col:before{opacity:0.3;}.kadence-column3994_2aaeaf-bb{position:relative;}.kadence-column3994_2aaeaf-bb, .kt-inside-inner-col > .kadence-column3994_2aaeaf-bb:not(.specificity){margin-bottom:var(--global-kb-spacing-sm, 1.5rem);}@media all and (max-width: 1024px){.kadence-column3994_2aaeaf-bb > .kt-inside-inner-col{flex-direction:column;justify-content:center;}}@media all and (max-width: 767px){.kadence-column3994_2aaeaf-bb > .kt-inside-inner-col{flex-direction:column;justify-content:center;}}<\/style>\n<div class=\"wp-block-kadence-column kadence-column3994_2aaeaf-bb\"><div class=\"kt-inside-inner-col\"><style>.wp-block-kadence-advancedheading.kt-adv-heading3994_d64e3a-28, .wp-block-kadence-advancedheading.kt-adv-heading3994_d64e3a-28[data-kb-block=\"kb-adv-heading3994_d64e3a-28\"]{padding-top:0px;padding-bottom:0px;margin-top:0px;margin-bottom:15px;font-size:var(--global-kb-font-size-md, 1.25rem);font-style:normal;}.wp-block-kadence-advancedheading.kt-adv-heading3994_d64e3a-28 mark.kt-highlight, .wp-block-kadence-advancedheading.kt-adv-heading3994_d64e3a-28[data-kb-block=\"kb-adv-heading3994_d64e3a-28\"] mark.kt-highlight{font-style:normal;color:#f76a0c;-webkit-box-decoration-break:clone;box-decoration-break:clone;padding-top:0px;padding-right:0px;padding-bottom:0px;padding-left:0px;}.wp-block-kadence-advancedheading.kt-adv-heading3994_d64e3a-28 img.kb-inline-image, .wp-block-kadence-advancedheading.kt-adv-heading3994_d64e3a-28[data-kb-block=\"kb-adv-heading3994_d64e3a-28\"] img.kb-inline-image{width:150px;vertical-align:baseline;}<\/style>\n<p class=\"kt-adv-heading3994_d64e3a-28 wp-block-kadence-advancedheading has-theme-palette-9-color has-text-color\" data-kb-block=\"kb-adv-heading3994_d64e3a-28\">Juha Luoma<\/p>\n\n\n<style>.wp-block-kadence-advancedheading.kt-adv-heading3994_89f099-4e, .wp-block-kadence-advancedheading.kt-adv-heading3994_89f099-4e[data-kb-block=\"kb-adv-heading3994_89f099-4e\"]{padding-top:0px;padding-bottom:0px;margin-top:0px;margin-bottom:5px;font-style:normal;}.wp-block-kadence-advancedheading.kt-adv-heading3994_89f099-4e[data-kb-block=\"kb-adv-heading3994_89f099-4e\"]{display:flex;gap:0.25em;align-items:center;}.wp-block-kadence-advancedheading.kt-adv-heading3994_89f099-4e[data-kb-block=\"kb-adv-heading3994_89f099-4e\"] .kb-adv-heading-icon svg{width:1em;height:1em;}.wp-block-kadence-advancedheading.kt-adv-heading3994_89f099-4e[data-kb-block=\"kb-adv-heading3994_89f099-4e\"] .kb-adv-heading-icon{padding-right:15px;}.wp-block-kadence-advancedheading.kt-adv-heading3994_89f099-4e mark.kt-highlight, .wp-block-kadence-advancedheading.kt-adv-heading3994_89f099-4e[data-kb-block=\"kb-adv-heading3994_89f099-4e\"] mark.kt-highlight{font-style:normal;color:#f76a0c;-webkit-box-decoration-break:clone;box-decoration-break:clone;padding-top:0px;padding-right:0px;padding-bottom:0px;padding-left:0px;}.wp-block-kadence-advancedheading.kt-adv-heading3994_89f099-4e img.kb-inline-image, .wp-block-kadence-advancedheading.kt-adv-heading3994_89f099-4e[data-kb-block=\"kb-adv-heading3994_89f099-4e\"] img.kb-inline-image{width:150px;vertical-align:baseline;}<\/style><p class=\"kt-adv-heading3994_89f099-4e wp-block-kadence-advancedheading kt-adv-heading-has-icon has-theme-palette9-color has-text-color\" data-kb-block=\"kb-adv-heading3994_89f099-4e\"><span class=\"kb-svg-icon-wrap kb-adv-heading-icon kb-svg-icon-fe_smartphone kb-adv-heading-icon-side-left\"><svg viewBox=\"0 0 24 24\"  fill=\"none\" stroke=\"currentColor\" stroke-width=\"2\" stroke-linecap=\"round\" stroke-linejoin=\"round\" xmlns=\"http:\/\/www.w3.org\/2000\/svg\"  aria-hidden=\"true\"><rect x=\"5\" y=\"2\" width=\"14\" height=\"20\" rx=\"2\" ry=\"2\"\/><line x1=\"12\" y1=\"18\" x2=\"12\" y2=\"18\"\/><\/svg><\/span><span class=\"kb-adv-text-inner\">+358 50 388 8370<\/span><\/p>\n\n<style>.wp-block-kadence-advancedheading.kt-adv-heading3994_4f3164-5c, .wp-block-kadence-advancedheading.kt-adv-heading3994_4f3164-5c[data-kb-block=\"kb-adv-heading3994_4f3164-5c\"]{padding-top:0px;padding-bottom:0px;margin-top:0px;margin-bottom:5px;font-style:normal;}.wp-block-kadence-advancedheading.kt-adv-heading3994_4f3164-5c[data-kb-block=\"kb-adv-heading3994_4f3164-5c\"]{display:flex;gap:0.25em;align-items:center;}.wp-block-kadence-advancedheading.kt-adv-heading3994_4f3164-5c[data-kb-block=\"kb-adv-heading3994_4f3164-5c\"] .kb-adv-heading-icon svg{width:1em;height:1em;}.wp-block-kadence-advancedheading.kt-adv-heading3994_4f3164-5c[data-kb-block=\"kb-adv-heading3994_4f3164-5c\"] .kb-adv-heading-icon{padding-right:15px;}.wp-block-kadence-advancedheading.kt-adv-heading3994_4f3164-5c mark.kt-highlight, .wp-block-kadence-advancedheading.kt-adv-heading3994_4f3164-5c[data-kb-block=\"kb-adv-heading3994_4f3164-5c\"] mark.kt-highlight{font-style:normal;color:#f76a0c;-webkit-box-decoration-break:clone;box-decoration-break:clone;padding-top:0px;padding-right:0px;padding-bottom:0px;padding-left:0px;}.wp-block-kadence-advancedheading.kt-adv-heading3994_4f3164-5c img.kb-inline-image, .wp-block-kadence-advancedheading.kt-adv-heading3994_4f3164-5c[data-kb-block=\"kb-adv-heading3994_4f3164-5c\"] img.kb-inline-image{width:150px;vertical-align:baseline;}<\/style><p class=\"kt-adv-heading3994_4f3164-5c wp-block-kadence-advancedheading kt-adv-heading-has-icon has-theme-palette9-color has-text-color\" data-kb-block=\"kb-adv-heading3994_4f3164-5c\"><span class=\"kb-svg-icon-wrap kb-adv-heading-icon kb-svg-icon-fe_mail kb-adv-heading-icon-side-left\"><svg viewBox=\"0 0 24 24\"  fill=\"none\" stroke=\"currentColor\" stroke-width=\"2\" stroke-linecap=\"round\" stroke-linejoin=\"round\" xmlns=\"http:\/\/www.w3.org\/2000\/svg\"  aria-hidden=\"true\"><path d=\"M4 4h16c1.1 0 2 .9 2 2v12c0 1.1-.9 2-2 2H4c-1.1 0-2-.9-2-2V6c0-1.1.9-2 2-2z\"\/><polyline points=\"22,6 12,13 2,6\"\/><\/svg><\/span><span class=\"kb-adv-text-inner\"><a href=\"mailto:juha.luoma@nostokonepalvelu.fi\">juha.luoma@nostokonepalvelu.fi<\/a><\/span><\/p><\/div><\/div>\n<\/div><\/div>\n\n<\/div><\/div>\n<p><\/p>\n","protected":false},"excerpt":{"rendered":"<p>Kontakt \u00c5bo \/ Sydv\u00e4stra Finland Juha Luoma +358 50 388 8370 juha.luoma@nostokonepalvelu.fi<\/p>\n","protected":false},"author":5,"featured_media":4002,"parent":3795,"menu_order":0,"comment_status":"closed","ping_status":"closed","template":"","meta":{"_kad_blocks_custom_css":"","_kad_blocks_head_custom_js":"","_kad_blocks_body_custom_js":"","_kad_blocks_footer_custom_js":"","_kadence_starter_templates_imported_post":false,"_kad_post_transparent":"","_kad_post_title":"","_kad_post_layout":"","_kad_post_sidebar_id":"","_kad_post_content_style":"","_kad_post_vertical_padding":"","_kad_post_feature":"","_kad_post_feature_position":"","_kad_post_header":false,"_kad_post_footer":false,"_kad_post_classname":"","footnotes":""},"class_list":["post-4013","page","type-page","status-publish","has-post-thumbnail","hentry"],"yoast_head":"<!-- This site is optimized with the Yoast SEO plugin v27.2 - https:\/\/yoast.com\/product\/yoast-seo-wordpress\/ -->\n<title>\u00c5bo \/ Sydv\u00e4stra Finland - N Rent Oy<\/title>\n<meta name=\"description\" content=\"N Rent Ab ing\u00e5r i Nostokonepalvelu Ab:s f\u00f6retagskoncern. Kontakta kontoret i \u00c5bo eller fyll i kontaktformul\u00e4ret.\" \/>\n<meta name=\"robots\" content=\"index, follow, max-snippet:-1, max-image-preview:large, max-video-preview:-1\" \/>\n<link rel=\"canonical\" href=\"https:\/\/nrent.fi\/sv\/kontakta-oss\/abo\/\" \/>\n<meta property=\"og:locale\" content=\"sv_SE\" \/>\n<meta property=\"og:type\" content=\"article\" \/>\n<meta property=\"og:title\" content=\"\u00c5bo \/ Sydv\u00e4stra Finland - N Rent Oy\" \/>\n<meta property=\"og:description\" content=\"N Rent Ab ing\u00e5r i Nostokonepalvelu Ab:s f\u00f6retagskoncern. Kontakta kontoret i \u00c5bo eller fyll i kontaktformul\u00e4ret.\" \/>\n<meta property=\"og:url\" content=\"https:\/\/nrent.fi\/sv\/kontakta-oss\/abo\/\" \/>\n<meta property=\"og:site_name\" content=\"N Rent Oy\" \/>\n<meta property=\"article:modified_time\" content=\"2025-10-27T11:06:22+00:00\" \/>\n<meta property=\"og:image\" content=\"https:\/\/nrent.fi\/wp-content\/uploads\/2025\/03\/turku.jpg\" \/>\n\t<meta property=\"og:image:width\" content=\"1920\" \/>\n\t<meta property=\"og:image:height\" content=\"800\" \/>\n\t<meta property=\"og:image:type\" content=\"image\/jpeg\" \/>\n<meta name=\"twitter:card\" content=\"summary_large_image\" \/>\n<meta name=\"twitter:label1\" content=\"Ber\u00e4knad l\u00e4stid\" \/>\n\t<meta name=\"twitter:data1\" content=\"1 minut\" \/>\n<script type=\"application\/ld+json\" class=\"yoast-schema-graph\">{\"@context\":\"https:\/\/schema.org\",\"@graph\":[{\"@type\":\"WebPage\",\"@id\":\"https:\/\/nrent.fi\/sv\/kontakta-oss\/abo\/\",\"url\":\"https:\/\/nrent.fi\/sv\/kontakta-oss\/abo\/\",\"name\":\"\u00c5bo \/ Sydv\u00e4stra Finland - N Rent Oy\",\"isPartOf\":{\"@id\":\"https:\/\/nrent.fi\/sv\/#website\"},\"primaryImageOfPage\":{\"@id\":\"https:\/\/nrent.fi\/sv\/kontakta-oss\/abo\/#primaryimage\"},\"image\":{\"@id\":\"https:\/\/nrent.fi\/sv\/kontakta-oss\/abo\/#primaryimage\"},\"thumbnailUrl\":\"https:\/\/nrent.fi\/wp-content\/uploads\/2025\/03\/turku.jpg\",\"datePublished\":\"2025-03-13T09:49:59+00:00\",\"dateModified\":\"2025-10-27T11:06:22+00:00\",\"description\":\"N Rent Ab ing\u00e5r i Nostokonepalvelu Ab:s f\u00f6retagskoncern. Kontakta kontoret i \u00c5bo eller fyll i kontaktformul\u00e4ret.\",\"breadcrumb\":{\"@id\":\"https:\/\/nrent.fi\/sv\/kontakta-oss\/abo\/#breadcrumb\"},\"inLanguage\":\"sv-SE\",\"potentialAction\":[{\"@type\":\"ReadAction\",\"target\":[\"https:\/\/nrent.fi\/sv\/kontakta-oss\/abo\/\"]}]},{\"@type\":\"ImageObject\",\"inLanguage\":\"sv-SE\",\"@id\":\"https:\/\/nrent.fi\/sv\/kontakta-oss\/abo\/#primaryimage\",\"url\":\"https:\/\/nrent.fi\/wp-content\/uploads\/2025\/03\/turku.jpg\",\"contentUrl\":\"https:\/\/nrent.fi\/wp-content\/uploads\/2025\/03\/turku.jpg\",\"width\":1920,\"height\":800},{\"@type\":\"BreadcrumbList\",\"@id\":\"https:\/\/nrent.fi\/sv\/kontakta-oss\/abo\/#breadcrumb\",\"itemListElement\":[{\"@type\":\"ListItem\",\"position\":1,\"name\":\"Home\",\"item\":\"https:\/\/nrent.fi\/sv\/\"},{\"@type\":\"ListItem\",\"position\":2,\"name\":\"Kontakta oss\",\"item\":\"https:\/\/nrent.fi\/sv\/kontakta-oss\/\"},{\"@type\":\"ListItem\",\"position\":3,\"name\":\"\u00c5bo \/ Sydv\u00e4stra Finland\"}]},{\"@type\":\"WebSite\",\"@id\":\"https:\/\/nrent.fi\/sv\/#website\",\"url\":\"https:\/\/nrent.fi\/sv\/\",\"name\":\"N Rent Oy\",\"description\":\"\",\"publisher\":{\"@id\":\"https:\/\/nrent.fi\/sv\/#organization\"},\"potentialAction\":[{\"@type\":\"SearchAction\",\"target\":{\"@type\":\"EntryPoint\",\"urlTemplate\":\"https:\/\/nrent.fi\/sv\/?s={search_term_string}\"},\"query-input\":{\"@type\":\"PropertyValueSpecification\",\"valueRequired\":true,\"valueName\":\"search_term_string\"}}],\"inLanguage\":\"sv-SE\"},{\"@type\":\"Organization\",\"@id\":\"https:\/\/nrent.fi\/sv\/#organization\",\"name\":\"N Rent Oy\",\"url\":\"https:\/\/nrent.fi\/sv\/\",\"logo\":{\"@type\":\"ImageObject\",\"inLanguage\":\"sv-SE\",\"@id\":\"https:\/\/nrent.fi\/sv\/#\/schema\/logo\/image\/\",\"url\":\"https:\/\/nrent.fi\/wp-content\/uploads\/2025\/02\/cropped-Nrent-logo-vaaka.png\",\"contentUrl\":\"https:\/\/nrent.fi\/wp-content\/uploads\/2025\/02\/cropped-Nrent-logo-vaaka.png\",\"width\":504,\"height\":115,\"caption\":\"N Rent Oy\"},\"image\":{\"@id\":\"https:\/\/nrent.fi\/sv\/#\/schema\/logo\/image\/\"},\"sameAs\":[\"https:\/\/www.linkedin.com\/company\/n-rent-oy\"]}]}<\/script>\n<!-- \/ Yoast SEO plugin. -->","yoast_head_json":{"title":"\u00c5bo \/ Sydv\u00e4stra Finland - N Rent Oy","description":"N Rent Ab ing\u00e5r i Nostokonepalvelu Ab:s f\u00f6retagskoncern. Kontakta kontoret i \u00c5bo eller fyll i kontaktformul\u00e4ret.","robots":{"index":"index","follow":"follow","max-snippet":"max-snippet:-1","max-image-preview":"max-image-preview:large","max-video-preview":"max-video-preview:-1"},"canonical":"https:\/\/nrent.fi\/sv\/kontakta-oss\/abo\/","og_locale":"sv_SE","og_type":"article","og_title":"\u00c5bo \/ Sydv\u00e4stra Finland - N Rent Oy","og_description":"N Rent Ab ing\u00e5r i Nostokonepalvelu Ab:s f\u00f6retagskoncern. Kontakta kontoret i \u00c5bo eller fyll i kontaktformul\u00e4ret.","og_url":"https:\/\/nrent.fi\/sv\/kontakta-oss\/abo\/","og_site_name":"N Rent Oy","article_modified_time":"2025-10-27T11:06:22+00:00","og_image":[{"width":1920,"height":800,"url":"https:\/\/nrent.fi\/wp-content\/uploads\/2025\/03\/turku.jpg","type":"image\/jpeg"}],"twitter_card":"summary_large_image","twitter_misc":{"Ber\u00e4knad l\u00e4stid":"1 minut"},"schema":{"@context":"https:\/\/schema.org","@graph":[{"@type":"WebPage","@id":"https:\/\/nrent.fi\/sv\/kontakta-oss\/abo\/","url":"https:\/\/nrent.fi\/sv\/kontakta-oss\/abo\/","name":"\u00c5bo \/ Sydv\u00e4stra Finland - N Rent Oy","isPartOf":{"@id":"https:\/\/nrent.fi\/sv\/#website"},"primaryImageOfPage":{"@id":"https:\/\/nrent.fi\/sv\/kontakta-oss\/abo\/#primaryimage"},"image":{"@id":"https:\/\/nrent.fi\/sv\/kontakta-oss\/abo\/#primaryimage"},"thumbnailUrl":"https:\/\/nrent.fi\/wp-content\/uploads\/2025\/03\/turku.jpg","datePublished":"2025-03-13T09:49:59+00:00","dateModified":"2025-10-27T11:06:22+00:00","description":"N Rent Ab ing\u00e5r i Nostokonepalvelu Ab:s f\u00f6retagskoncern. Kontakta kontoret i \u00c5bo eller fyll i kontaktformul\u00e4ret.","breadcrumb":{"@id":"https:\/\/nrent.fi\/sv\/kontakta-oss\/abo\/#breadcrumb"},"inLanguage":"sv-SE","potentialAction":[{"@type":"ReadAction","target":["https:\/\/nrent.fi\/sv\/kontakta-oss\/abo\/"]}]},{"@type":"ImageObject","inLanguage":"sv-SE","@id":"https:\/\/nrent.fi\/sv\/kontakta-oss\/abo\/#primaryimage","url":"https:\/\/nrent.fi\/wp-content\/uploads\/2025\/03\/turku.jpg","contentUrl":"https:\/\/nrent.fi\/wp-content\/uploads\/2025\/03\/turku.jpg","width":1920,"height":800},{"@type":"BreadcrumbList","@id":"https:\/\/nrent.fi\/sv\/kontakta-oss\/abo\/#breadcrumb","itemListElement":[{"@type":"ListItem","position":1,"name":"Home","item":"https:\/\/nrent.fi\/sv\/"},{"@type":"ListItem","position":2,"name":"Kontakta oss","item":"https:\/\/nrent.fi\/sv\/kontakta-oss\/"},{"@type":"ListItem","position":3,"name":"\u00c5bo \/ Sydv\u00e4stra Finland"}]},{"@type":"WebSite","@id":"https:\/\/nrent.fi\/sv\/#website","url":"https:\/\/nrent.fi\/sv\/","name":"N Rent Oy","description":"","publisher":{"@id":"https:\/\/nrent.fi\/sv\/#organization"},"potentialAction":[{"@type":"SearchAction","target":{"@type":"EntryPoint","urlTemplate":"https:\/\/nrent.fi\/sv\/?s={search_term_string}"},"query-input":{"@type":"PropertyValueSpecification","valueRequired":true,"valueName":"search_term_string"}}],"inLanguage":"sv-SE"},{"@type":"Organization","@id":"https:\/\/nrent.fi\/sv\/#organization","name":"N Rent Oy","url":"https:\/\/nrent.fi\/sv\/","logo":{"@type":"ImageObject","inLanguage":"sv-SE","@id":"https:\/\/nrent.fi\/sv\/#\/schema\/logo\/image\/","url":"https:\/\/nrent.fi\/wp-content\/uploads\/2025\/02\/cropped-Nrent-logo-vaaka.png","contentUrl":"https:\/\/nrent.fi\/wp-content\/uploads\/2025\/02\/cropped-Nrent-logo-vaaka.png","width":504,"height":115,"caption":"N Rent Oy"},"image":{"@id":"https:\/\/nrent.fi\/sv\/#\/schema\/logo\/image\/"},"sameAs":["https:\/\/www.linkedin.com\/company\/n-rent-oy"]}]}},"taxonomy_info":[],"featured_image_src_large":["https:\/\/nrent.fi\/wp-content\/uploads\/2025\/03\/turku-1024x427.jpg",1024,427,true],"author_info":{"display_name":"Juha","author_link":"https:\/\/nrent.fi\/sv\/author\/juha\/"},"comment_info":0,"_links":{"self":[{"href":"https:\/\/nrent.fi\/sv\/wp-json\/wp\/v2\/pages\/4013","targetHints":{"allow":["GET"]}}],"collection":[{"href":"https:\/\/nrent.fi\/sv\/wp-json\/wp\/v2\/pages"}],"about":[{"href":"https:\/\/nrent.fi\/sv\/wp-json\/wp\/v2\/types\/page"}],"author":[{"embeddable":true,"href":"https:\/\/nrent.fi\/sv\/wp-json\/wp\/v2\/users\/5"}],"replies":[{"embeddable":true,"href":"https:\/\/nrent.fi\/sv\/wp-json\/wp\/v2\/comments?post=4013"}],"version-history":[{"count":5,"href":"https:\/\/nrent.fi\/sv\/wp-json\/wp\/v2\/pages\/4013\/revisions"}],"predecessor-version":[{"id":4054,"href":"https:\/\/nrent.fi\/sv\/wp-json\/wp\/v2\/pages\/4013\/revisions\/4054"}],"up":[{"embeddable":true,"href":"https:\/\/nrent.fi\/sv\/wp-json\/wp\/v2\/pages\/3795"}],"wp:featuredmedia":[{"embeddable":true,"href":"https:\/\/nrent.fi\/sv\/wp-json\/wp\/v2\/media\/4002"}],"wp:attachment":[{"href":"https:\/\/nrent.fi\/sv\/wp-json\/wp\/v2\/media?parent=4013"}],"curies":[{"name":"wp","href":"https:\/\/api.w.org\/{rel}","templated":true}]}}